{"id":11602,"date":"2020-11-12T14:41:18","date_gmt":"2020-11-12T11:41:18","guid":{"rendered":"https:\/\/www.lexonn.ro\/bas-de-page\/"},"modified":"2023-09-22T10:55:59","modified_gmt":"2023-09-22T07:55:59","slug":"bas-de-page","status":"publish","type":"page","link":"https:\/\/www.lexonn.ro\/fr\/bas-de-page\/","title":{"rendered":"Bas de page"},"content":{"rendered":"\n<style type=\"text\/css\" data-created_by=\"avia_inline_auto\" id=\"style-css-av-jfgi5bwp-7e1f37d1fdb488e6578e34b51daf0caa\">\n.avia-section.av-jfgi5bwp-7e1f37d1fdb488e6578e34b51daf0caa{\nbackground-color:#ffffff;\nbackground-image:unset;\n}\n<\/style>\n<div id='footer-template'  class='avia-section av-jfgi5bwp-7e1f37d1fdb488e6578e34b51daf0caa footer_color avia-section-default avia-no-shadow  avia-builder-el-0  avia-builder-el-no-sibling  avia-bg-style-scroll container_wrap fullsize'  ><div class='container av-section-cont-open' ><main  role=\"main\" itemprop=\"mainContentOfPage\"  class='template-page content  av-content-full alpha units'><div class='post-entry post-entry-type-page post-entry-11602'><div class='entry-content-wrapper clearfix'>\n<div class='flex_column_table av-kghvrl81-32847297114380e26ae3c25bfe6a6de3 sc-av_one_fourth av-equal-height-column-flextable'>\n<style type=\"text\/css\" data-created_by=\"avia_inline_auto\" id=\"style-css-av-kghvrl81-32847297114380e26ae3c25bfe6a6de3\">\n.flex_column.av-kghvrl81-32847297114380e26ae3c25bfe6a6de3{\nborder-radius:0px 0px 0px 0px;\npadding:0px 0px 0px 0px;\n}\n<\/style>\n<div  class='flex_column av-kghvrl81-32847297114380e26ae3c25bfe6a6de3 av_one_fourth  avia-builder-el-1  el_before_av_three_fourth  avia-builder-el-first  first flex_column_table_cell av-equal-height-column av-align-middle av-zero-column-padding  '     ><p>\n<style type=\"text\/css\" data-created_by=\"avia_inline_auto\" id=\"style-css-av-lmub2jj5-f816193f63d3376a4a2961503ce0d73f\">\n.avia-image-container.av-lmub2jj5-f816193f63d3376a4a2961503ce0d73f img.avia_image{\nbox-shadow:none;\n}\n.avia-image-container.av-lmub2jj5-f816193f63d3376a4a2961503ce0d73f .av-image-caption-overlay-center{\ncolor:#ffffff;\n}\n<\/style>\n<div  class='avia-image-container av-lmub2jj5-f816193f63d3376a4a2961503ce0d73f av-styling- avia-align-center  avia-builder-el-2  el_before_av_image  avia-builder-el-first '   itemprop=\"image\" itemscope=\"itemscope\" itemtype=\"https:\/\/schema.org\/ImageObject\" ><div class=\"avia-image-container-inner\"><div class=\"avia-image-overlay-wrap\"><img decoding=\"async\" fetchpriority=\"high\" class='wp-image-16463 avia-img-lazy-loading-not-16463 avia_image ' src=\"https:\/\/www.lexonn.ro\/wp-content\/uploads\/catalog-footer-1.png\" alt='' title=''  height=\"2000\" width=\"1414\"  itemprop=\"thumbnailUrl\" srcset=\"https:\/\/www.lexonn.ro\/wp-content\/uploads\/catalog-footer-1.png 1414w, https:\/\/www.lexonn.ro\/wp-content\/uploads\/catalog-footer-1-212x300.png 212w, https:\/\/www.lexonn.ro\/wp-content\/uploads\/catalog-footer-1-728x1030.png 728w, https:\/\/www.lexonn.ro\/wp-content\/uploads\/catalog-footer-1-768x1086.png 768w, https:\/\/www.lexonn.ro\/wp-content\/uploads\/catalog-footer-1-1086x1536.png 1086w, https:\/\/www.lexonn.ro\/wp-content\/uploads\/catalog-footer-1-1061x1500.png 1061w, https:\/\/www.lexonn.ro\/wp-content\/uploads\/catalog-footer-1-498x705.png 498w, https:\/\/www.lexonn.ro\/wp-content\/uploads\/catalog-footer-1-706x999.png 706w\" sizes=\"(max-width: 1414px) 100vw, 1414px\" \/><\/div><\/div><\/div><br \/>\n\n<style type=\"text\/css\" data-created_by=\"avia_inline_auto\" id=\"style-css-av-kghvrh19-b1e71fa868b173328ee18aa926ebf5a4\">\n.avia-image-container.av-kghvrh19-b1e71fa868b173328ee18aa926ebf5a4 img.avia_image{\nbox-shadow:none;\n}\n.avia-image-container.av-kghvrh19-b1e71fa868b173328ee18aa926ebf5a4 .av-image-caption-overlay-center{\ncolor:#ffffff;\n}\n<\/style>\n<div  class='avia-image-container av-kghvrh19-b1e71fa868b173328ee18aa926ebf5a4 av-styling- avia-align-center  avia-builder-el-3  el_after_av_image  avia-builder-el-last '   itemprop=\"image\" itemscope=\"itemscope\" itemtype=\"https:\/\/schema.org\/ImageObject\" ><div class=\"avia-image-container-inner\"><div class=\"avia-image-overlay-wrap\"><img decoding=\"async\" fetchpriority=\"high\" class='avia-img-lazy-loading-not- avia_image ' src=\"https:\/\/www.lexonn.ro\/wp-content\/uploads\/Lexonn-Prima-pagina-1-newsletter.png\" alt='' title=''   itemprop=\"thumbnailUrl\"  \/><\/div><\/div><\/div><\/p><\/div><div class='av-flex-placeholder'><\/div>\n<style type=\"text\/css\" data-created_by=\"avia_inline_auto\" id=\"style-css-av-wd8te-c31a8246cb22963b73878747f4e6c5e7\">\n.flex_column.av-wd8te-c31a8246cb22963b73878747f4e6c5e7{\nborder-radius:0px 0px 0px 0px;\npadding:0px 0px 0px 0px;\n}\n<\/style>\n<div  class='flex_column av-wd8te-c31a8246cb22963b73878747f4e6c5e7 av_three_fourth  avia-builder-el-4  el_after_av_one_fourth  el_before_av_hr  flex_column_table_cell av-equal-height-column av-align-middle av-zero-column-padding  '     ><section  class='av_textblock_section av-kghvnevx-a8feb3a156d2471d32fe411a60cf06ae '   itemscope=\"itemscope\" itemtype=\"https:\/\/schema.org\/CreativeWork\" ><div class='avia_textblock'  itemprop=\"text\" ><h3><strong><span class=\"VIiyi\" lang=\"fr\"><span class=\"JLqJ4b ChMk0b\" data-language-for-alternatives=\"fr\" data-language-to-translate-into=\"ro\" data-phrase-index=\"0\">Abonnez-vous \u00e0 notre newsletter et recevez les meilleures offres et id\u00e9es pour les projets de votre entreprise!<\/span><\/span><\/strong><\/h3>\n<p><span class=\"VIiyi\" lang=\"fr\"><span class=\"JLqJ4b ChMk0b\" data-language-for-alternatives=\"fr\" data-language-to-translate-into=\"ro\" data-phrase-index=\"2\">Nous vous enverrons pour inspiration le Catalogue des produits promotionnels Collection Cadeaux Hiver 2023.<\/span><\/span><\/p>\n<\/div><\/section><br \/>\n<\/p><\/div><\/div><!--close column table wrapper. Autoclose: 1 --><div  class='hr av-ulkdm-0d43f8c09d333d8045534f80290119e1 hr-default  avia-builder-el-7  el_after_av_three_fourth  el_before_av_one_half '><span class='hr-inner '><span class=\"hr-inner-style\"><\/span><\/span><\/div>\n<div class='flex_column_table av-jgs0dhmw-94f23dd241a20da13f65d5c561b642e2 sc-av_one_half av-equal-height-column-flextable'>\n<style type=\"text\/css\" data-created_by=\"avia_inline_auto\" id=\"style-css-av-jgs0dhmw-94f23dd241a20da13f65d5c561b642e2\">\n#top .flex_column_table.av-equal-height-column-flextable.av-jgs0dhmw-94f23dd241a20da13f65d5c561b642e2{\nmargin-top:0px;\nmargin-bottom:0px;\n}\n.flex_column.av-jgs0dhmw-94f23dd241a20da13f65d5c561b642e2{\nborder-radius:0px 0px 0px 0px;\npadding:0px 0px 0px 0px;\n}\n<\/style>\n<div  class='flex_column av-jgs0dhmw-94f23dd241a20da13f65d5c561b642e2 av_one_half  avia-builder-el-8  el_after_av_hr  el_before_av_one_half  first flex_column_table_cell av-equal-height-column av-align-middle av-zero-column-padding  '     ><section  class='av_textblock_section av-jgfdunv8-90329624869bc43894dac97c3d3f27f5 '   itemscope=\"itemscope\" itemtype=\"https:\/\/schema.org\/CreativeWork\" ><div class='avia_textblock'  itemprop=\"text\" ><h3>Nous contacter<\/h3>\n<\/div><\/section><br \/>\n<section  class='av_textblock_section av-jgfdunv8-90329624869bc43894dac97c3d3f27f5 '   itemscope=\"itemscope\" itemtype=\"https:\/\/schema.org\/CreativeWork\" ><div class='avia_textblock'  itemprop=\"text\" ><p style=\"text-align: left;\"><span class=\"VIiyi\" lang=\"fr\"><span class=\"JLqJ4b ChMk0b C1N51c\" data-language-for-alternatives=\"fr\" data-language-to-translate-into=\"ro\" data-phrase-index=\"0\"><span class=\"JLqJ4b ChMk0b\" data-language-for-alternatives=\"fr\" data-language-to-translate-into=\"ro\" data-phrase-index=\"0\">Nous vous r\u00e9pondrons dans les plus brefs d\u00e9lais.<\/span><\/span><\/span><\/p>\n<\/div><\/section><br \/>\n<div  class='avia-buttonrow-wrap av-jfj7zffg-8ddbebecedf80be5dc53bc599f751248 avia-buttonrow-left  avia-builder-el-11  el_after_av_textblock  avia-builder-el-last '>\n\n<style type=\"text\/css\" data-created_by=\"avia_inline_auto\" id=\"style-css-av-d7voq-17c2c1ccaa5fd5f4dd7c56741284c76f\">\n#top #wrap_all .avia-button.av-d7voq-17c2c1ccaa5fd5f4dd7c56741284c76f{\nmargin-bottom:30px;\nmargin-right:30px;\n}\n#top #wrap_all .avia-button.av-d7voq-17c2c1ccaa5fd5f4dd7c56741284c76f:hover{\ncolor:#ffffff;\ntransition:all 0.4s ease-in-out;\n}\n<\/style>\n<a href='mailto:office@lexonn.ro' data-avia-tooltip=\"E-mail\" class='avia-button av-d7voq-17c2c1ccaa5fd5f4dd7c56741284c76f avia-icon_select-yes-right-icon avia-size-large av-button-label-on-hover av-button-notext avia-color-theme-color avia-font-color-theme-color' target=\"_blank\" rel=\"noopener noreferrer\"><span class='avia_iconbox_title' ><\/span><span class='avia_button_icon avia_button_icon_right' aria-hidden='true' data-av_icon='\ue805' data-av_iconfont='entypo-fontello'><\/span><span class='avia_button_background avia-button avia-color-theme-color-highlight' ><\/span><\/a>\n\n<style type=\"text\/css\" data-created_by=\"avia_inline_auto\" id=\"style-css-av-av_buttonrow_item-71425db748d84a9ff73e5ca12a3808d2\">\n#top #wrap_all .avia-button.av-av_buttonrow_item-71425db748d84a9ff73e5ca12a3808d2{\nmargin-bottom:30px;\nmargin-right:30px;\n}\n#top #wrap_all .avia-button.av-av_buttonrow_item-71425db748d84a9ff73e5ca12a3808d2:hover{\ncolor:#ffffff;\ntransition:all 0.4s ease-in-out;\n}\n<\/style>\n<a href='https:\/\/wa.me\/&lt;+40724245301&gt;' data-avia-tooltip=\"Whatsapp\" class='avia-button av-av_buttonrow_item-71425db748d84a9ff73e5ca12a3808d2 avia-icon_select-yes-right-icon avia-size-large av-button-label-on-hover av-button-notext avia-color-theme-color avia-font-color-theme-color'  ><span class='avia_iconbox_title' ><\/span><span class='avia_button_icon avia_button_icon_right' aria-hidden='true' data-av_icon='\uf232' data-av_iconfont='entypo-fontello'><\/span><span class='avia_button_background avia-button avia-color-theme-color-highlight' ><\/span><\/a>\n<\/div><\/p><\/div><div class='av-flex-placeholder'><\/div>\n<style type=\"text\/css\" data-created_by=\"avia_inline_auto\" id=\"style-css-av-6kpu2-029f1a83b6298d5146959a90bd9f6dd4\">\n#top .flex_column_table.av-equal-height-column-flextable.av-6kpu2-029f1a83b6298d5146959a90bd9f6dd4{\nmargin-top:0px;\nmargin-bottom:0px;\n}\n.flex_column.av-6kpu2-029f1a83b6298d5146959a90bd9f6dd4{\nborder-radius:0px 0px 0px 0px;\npadding:0px 0px 0px 0px;\n}\n<\/style>\n<div  class='flex_column av-6kpu2-029f1a83b6298d5146959a90bd9f6dd4 av_one_half  avia-builder-el-12  el_after_av_one_half  avia-builder-el-last  flex_column_table_cell av-equal-height-column av-align-middle av-zero-column-padding  '     ><p><div  class='avia-buttonrow-wrap av-jfj7zffg-ec9fb4114db6df733e31de2b8bac38dd avia-buttonrow-right  avia-builder-el-13  el_before_av_textblock  avia-builder-el-first '>\n\n<style type=\"text\/css\" data-created_by=\"avia_inline_auto\" id=\"style-css-av-psgwa-4484f39140afa8ac247c806a2679a797\">\n#top #wrap_all .avia-button.av-psgwa-4484f39140afa8ac247c806a2679a797{\nbackground-color:#ffffff;\nborder-color:#ffffff;\ncolor:#000000;\ntransition:all 0.4s ease-in-out;\nmargin-bottom:20px;\nmargin-left:20px;\n}\n#top #wrap_all .avia-button.av-psgwa-4484f39140afa8ac247c806a2679a797:hover{\ncolor:#ffffff;\ntransition:all 0.4s ease-in-out;\n}\n<\/style>\n<a href='https:\/\/www.facebook.com\/LexonnPromotionalLab' data-avia-tooltip=\"Suivez-nous sur Facebook\" class='avia-button av-psgwa-4484f39140afa8ac247c806a2679a797 avia-icon_select-yes-left-icon avia-size-small av-button-label-on-hover av-button-notext'  ><span class='avia_button_icon avia_button_icon_left ' aria-hidden='true' data-av_icon='\ue8f3' data-av_iconfont='entypo-fontello'><\/span><span class='avia_iconbox_title' ><\/span><span class='avia_button_background avia-button avia-color-dark' ><\/span><\/a>\n\n<style type=\"text\/css\" data-created_by=\"avia_inline_auto\" id=\"style-css-av-m58cy-a3a9971bd6ee35a9582da52ba717f4a6\">\n#top #wrap_all .avia-button.av-m58cy-a3a9971bd6ee35a9582da52ba717f4a6{\nbackground-color:#ffffff;\nborder-color:#ffffff;\ntransition:all 0.4s ease-in-out;\nmargin-bottom:20px;\nmargin-left:20px;\n}\n#top #wrap_all .avia-button.av-m58cy-a3a9971bd6ee35a9582da52ba717f4a6:hover{\ncolor:#ffffff;\ntransition:all 0.4s ease-in-out;\n}\n<\/style>\n<a href='https:\/\/twitter.com\/LexonnPromoLab' data-avia-tooltip=\"Suivez-nous sur Twitter\" class='avia-button av-m58cy-a3a9971bd6ee35a9582da52ba717f4a6 avia-icon_select-yes-left-icon avia-size-small av-button-label-on-hover av-button-notext avia-font-color-theme-color-subtle'  ><span class='avia_button_icon avia_button_icon_left ' aria-hidden='true' data-av_icon='\ue8f1' data-av_iconfont='entypo-fontello'><\/span><span class='avia_iconbox_title' ><\/span><span class='avia_button_background avia-button avia-color-dark' ><\/span><\/a>\n\n<style type=\"text\/css\" data-created_by=\"avia_inline_auto\" id=\"style-css-av-ci82q-19c17faf4925be66a9e821f878c1f2d8\">\n#top #wrap_all .avia-button.av-ci82q-19c17faf4925be66a9e821f878c1f2d8{\nbackground-color:#ffffff;\nborder-color:#ffffff;\ntransition:all 0.4s ease-in-out;\nmargin-bottom:20px;\nmargin-left:20px;\n}\n#top #wrap_all .avia-button.av-ci82q-19c17faf4925be66a9e821f878c1f2d8:hover{\ncolor:#ffffff;\ntransition:all 0.4s ease-in-out;\n}\n<\/style>\n<a href='http:\/\/instagram.com\/lexonnpromotionallab' data-avia-tooltip=\"Suivez-nous sur Instagram\" class='avia-button av-ci82q-19c17faf4925be66a9e821f878c1f2d8 avia-icon_select-yes-left-icon avia-size-small av-button-label-on-hover av-button-notext avia-font-color-theme-color-subtle'  ><span class='avia_button_icon avia_button_icon_left ' aria-hidden='true' data-av_icon='\ue909' data-av_iconfont='entypo-fontello'><\/span><span class='avia_iconbox_title' ><\/span><span class='avia_button_background avia-button avia-color-dark' ><\/span><\/a>\n\n<style type=\"text\/css\" data-created_by=\"avia_inline_auto\" id=\"style-css-av-6vwwa-e9fe6970d495a797d1b9c6d9046ffccd\">\n#top #wrap_all .avia-button.av-6vwwa-e9fe6970d495a797d1b9c6d9046ffccd{\nbackground-color:#ffffff;\nborder-color:#ffffff;\ntransition:all 0.4s ease-in-out;\nmargin-bottom:20px;\nmargin-left:20px;\n}\n#top #wrap_all .avia-button.av-6vwwa-e9fe6970d495a797d1b9c6d9046ffccd:hover{\ncolor:#ffffff;\ntransition:all 0.4s ease-in-out;\n}\n<\/style>\n<a href='https:\/\/www.linkedin.com\/company\/lexonn' data-avia-tooltip=\"Suivez-nous sur LinkedIn\" class='avia-button av-6vwwa-e9fe6970d495a797d1b9c6d9046ffccd avia-icon_select-yes-left-icon avia-size-small av-button-label-on-hover av-button-notext avia-font-color-theme-color-subtle'  ><span class='avia_button_icon avia_button_icon_left ' aria-hidden='true' data-av_icon='\ue8fc' data-av_iconfont='entypo-fontello'><\/span><span class='avia_iconbox_title' ><\/span><span class='avia_button_background avia-button avia-color-dark' ><\/span><\/a>\n<\/div><br \/>\n\n<style type=\"text\/css\" data-created_by=\"avia_inline_auto\" id=\"style-css-av-jgqlrqxr-2edd7bfd5ca5be1f9c8fab7617143c7b\">\n#top .av_textblock_section.av-jgqlrqxr-2edd7bfd5ca5be1f9c8fab7617143c7b .avia_textblock{\nfont-size:15px;\n}\n<\/style>\n<section  class='av_textblock_section av-jgqlrqxr-2edd7bfd5ca5be1f9c8fab7617143c7b '   itemscope=\"itemscope\" itemtype=\"https:\/\/schema.org\/CreativeWork\" ><div class='avia_textblock'  itemprop=\"text\" ><div style=\"text-align: center;\"><\/div>\n<div style=\"text-align: right;\"><\/div>\n<h3 style=\"text-align: right;\">LEXONN SRL<\/h3>\n<div style=\"text-align: right;\">E-mail: <a style=\"color: black;\" href=\"mailto:office@lexonn.ro\">office@lexonn.ro<\/a><\/div>\n<div style=\"text-align: right;\"><strong><span class=\"VIiyi\" lang=\"fr\"><span class=\"JLqJ4b ChMk0b C1N51c\" data-language-for-alternatives=\"fr\" data-language-to-translate-into=\"ro\" data-phrase-index=\"0\"><span class=\"JLqJ4b ChMk0b\" data-language-for-alternatives=\"fr\" data-language-to-translate-into=\"ro\" data-phrase-index=\"0\">CE SITE WEB EST ADRESS\u00c9 \u00c0 DES ENTIT\u00c9S JURIDIQUES<\/span><\/span><\/span><\/strong><\/div>\n<div style=\"text-align: right;\"><a href=\"https:\/\/www.lexonn.ro\/politica-de-confidentialitate-si-cookies\/\"><span class=\"VIiyi\" lang=\"fr\"><span class=\"JLqJ4b ChMk0b C1N51c\" data-language-for-alternatives=\"fr\" data-language-to-translate-into=\"ro\" data-phrase-index=\"0\">Politique de confidentialit\u00e9 et cookies<\/span><\/span><\/a><\/div>\n<div><\/div>\n<\/div><\/section><br \/>\n\n<style type=\"text\/css\" data-created_by=\"avia_inline_auto\" id=\"style-css-av-jgqlrqxr-23d0251d1c1c860f46c525a3c08f16ba\">\n#top .av_textblock_section.av-jgqlrqxr-23d0251d1c1c860f46c525a3c08f16ba .avia_textblock{\nfont-size:12px;\n}\n<\/style>\n<section  class='av_textblock_section av-jgqlrqxr-23d0251d1c1c860f46c525a3c08f16ba '   itemscope=\"itemscope\" itemtype=\"https:\/\/schema.org\/CreativeWork\" ><div class='avia_textblock'  itemprop=\"text\" ><div style=\"text-align: center;\"><\/div>\n<div style=\"text-align: center;\"><\/div>\n<div><\/div>\n<div><\/div>\n<div><\/div>\n<div><\/div>\n<div style=\"text-align: center;\">\u00a9 2020 &#8211; Created with love by <a style=\"color: black;\" href=\"https:\/\/startsmalldigital.com\/\">Start Small Digital<\/a><\/div>\n<div><\/div>\n<\/div><\/section><\/p><\/div><\/div><!--close column table wrapper. Autoclose: 1 -->\n","protected":false},"excerpt":{"rendered":"","protected":false},"author":6,"featured_media":0,"parent":0,"menu_order":0,"comment_status":"closed","ping_status":"closed","template":"template-blank.php","meta":{"footnotes":""},"class_list":["post-11602","page","type-page","status-publish","hentry"],"yoast_head":"<!-- This site is optimized with the Yoast SEO plugin v27.5 - https:\/\/yoast.com\/product\/yoast-seo-wordpress\/ -->\n<title>Bas de page | Lexonn<\/title>\n<meta name=\"robots\" content=\"index, follow, max-snippet:-1, max-image-preview:large, max-video-preview:-1\" \/>\n<link rel=\"canonical\" href=\"https:\/\/www.lexonn.ro\/fr\/bas-de-page\/\" \/>\n<meta property=\"og:locale\" content=\"fr_FR\" \/>\n<meta property=\"og:type\" content=\"article\" \/>\n<meta property=\"og:title\" content=\"Bas de page | Lexonn\" \/>\n<meta property=\"og:url\" content=\"https:\/\/www.lexonn.ro\/fr\/bas-de-page\/\" \/>\n<meta property=\"og:site_name\" content=\"Lexonn\" \/>\n<meta property=\"article:publisher\" content=\"https:\/\/www.facebook.com\/LexonnPromotionalLab\/yoast\" \/>\n<meta property=\"article:modified_time\" content=\"2023-09-22T07:55:59+00:00\" \/>\n<meta name=\"twitter:card\" content=\"summary_large_image\" \/>\n<meta name=\"twitter:label1\" content=\"Dur\u00e9e de lecture estim\u00e9e\" \/>\n\t<meta name=\"twitter:data1\" content=\"4 minutes\" \/>\n<script type=\"application\/ld+json\" class=\"yoast-schema-graph\">{\"@context\":\"https:\\\/\\\/schema.org\",\"@graph\":[{\"@type\":\"WebPage\",\"@id\":\"https:\\\/\\\/www.lexonn.ro\\\/fr\\\/bas-de-page\\\/\",\"url\":\"https:\\\/\\\/www.lexonn.ro\\\/fr\\\/bas-de-page\\\/\",\"name\":\"Bas de page | Lexonn\",\"isPartOf\":{\"@id\":\"https:\\\/\\\/www.lexonn.ro\\\/fr\\\/#website\"},\"datePublished\":\"2020-11-12T11:41:18+00:00\",\"dateModified\":\"2023-09-22T07:55:59+00:00\",\"breadcrumb\":{\"@id\":\"https:\\\/\\\/www.lexonn.ro\\\/fr\\\/bas-de-page\\\/#breadcrumb\"},\"inLanguage\":\"fr-FR\",\"potentialAction\":[{\"@type\":\"ReadAction\",\"target\":[\"https:\\\/\\\/www.lexonn.ro\\\/fr\\\/bas-de-page\\\/\"]}]},{\"@type\":\"BreadcrumbList\",\"@id\":\"https:\\\/\\\/www.lexonn.ro\\\/fr\\\/bas-de-page\\\/#breadcrumb\",\"itemListElement\":[{\"@type\":\"ListItem\",\"position\":1,\"name\":\"Prima pagin\u0103\",\"item\":\"https:\\\/\\\/www.lexonn.ro\\\/fr\\\/\"},{\"@type\":\"ListItem\",\"position\":2,\"name\":\"Bas de page\"}]},{\"@type\":\"WebSite\",\"@id\":\"https:\\\/\\\/www.lexonn.ro\\\/fr\\\/#website\",\"url\":\"https:\\\/\\\/www.lexonn.ro\\\/fr\\\/\",\"name\":\"Lexonn\",\"description\":\"\",\"publisher\":{\"@id\":\"https:\\\/\\\/www.lexonn.ro\\\/fr\\\/#organization\"},\"potentialAction\":[{\"@type\":\"SearchAction\",\"target\":{\"@type\":\"EntryPoint\",\"urlTemplate\":\"https:\\\/\\\/www.lexonn.ro\\\/fr\\\/?s={search_term_string}\"},\"query-input\":{\"@type\":\"PropertyValueSpecification\",\"valueRequired\":true,\"valueName\":\"search_term_string\"}}],\"inLanguage\":\"fr-FR\"},{\"@type\":\"Organization\",\"@id\":\"https:\\\/\\\/www.lexonn.ro\\\/fr\\\/#organization\",\"name\":\"Lexonn SRL\",\"url\":\"https:\\\/\\\/www.lexonn.ro\\\/fr\\\/\",\"logo\":{\"@type\":\"ImageObject\",\"inLanguage\":\"fr-FR\",\"@id\":\"https:\\\/\\\/www.lexonn.ro\\\/fr\\\/#\\\/schema\\\/logo\\\/image\\\/\",\"url\":\"https:\\\/\\\/www.lexonn.ro\\\/wp-content\\\/uploads\\\/logo-Lexonn-capture.jpg\",\"contentUrl\":\"https:\\\/\\\/www.lexonn.ro\\\/wp-content\\\/uploads\\\/logo-Lexonn-capture.jpg\",\"width\":1360,\"height\":609,\"caption\":\"Lexonn SRL\"},\"image\":{\"@id\":\"https:\\\/\\\/www.lexonn.ro\\\/fr\\\/#\\\/schema\\\/logo\\\/image\\\/\"},\"sameAs\":[\"https:\\\/\\\/www.facebook.com\\\/LexonnPromotionalLab\\\/yoast\",\"https:\\\/\\\/www.linkedin.com\\\/company\\\/lexonn\\\/yoast\",\"https:\\\/\\\/www.instagram.com\\\/lexonnpromotionallab\\\/yoast\"]}]}<\/script>\n<!-- \/ Yoast SEO plugin. -->","yoast_head_json":{"title":"Bas de page | Lexonn","robots":{"index":"index","follow":"follow","max-snippet":"max-snippet:-1","max-image-preview":"max-image-preview:large","max-video-preview":"max-video-preview:-1"},"canonical":"https:\/\/www.lexonn.ro\/fr\/bas-de-page\/","og_locale":"fr_FR","og_type":"article","og_title":"Bas de page | Lexonn","og_url":"https:\/\/www.lexonn.ro\/fr\/bas-de-page\/","og_site_name":"Lexonn","article_publisher":"https:\/\/www.facebook.com\/LexonnPromotionalLab\/yoast","article_modified_time":"2023-09-22T07:55:59+00:00","twitter_card":"summary_large_image","twitter_misc":{"Dur\u00e9e de lecture estim\u00e9e":"4 minutes"},"schema":{"@context":"https:\/\/schema.org","@graph":[{"@type":"WebPage","@id":"https:\/\/www.lexonn.ro\/fr\/bas-de-page\/","url":"https:\/\/www.lexonn.ro\/fr\/bas-de-page\/","name":"Bas de page | Lexonn","isPartOf":{"@id":"https:\/\/www.lexonn.ro\/fr\/#website"},"datePublished":"2020-11-12T11:41:18+00:00","dateModified":"2023-09-22T07:55:59+00:00","breadcrumb":{"@id":"https:\/\/www.lexonn.ro\/fr\/bas-de-page\/#breadcrumb"},"inLanguage":"fr-FR","potentialAction":[{"@type":"ReadAction","target":["https:\/\/www.lexonn.ro\/fr\/bas-de-page\/"]}]},{"@type":"BreadcrumbList","@id":"https:\/\/www.lexonn.ro\/fr\/bas-de-page\/#breadcrumb","itemListElement":[{"@type":"ListItem","position":1,"name":"Prima pagin\u0103","item":"https:\/\/www.lexonn.ro\/fr\/"},{"@type":"ListItem","position":2,"name":"Bas de page"}]},{"@type":"WebSite","@id":"https:\/\/www.lexonn.ro\/fr\/#website","url":"https:\/\/www.lexonn.ro\/fr\/","name":"Lexonn","description":"","publisher":{"@id":"https:\/\/www.lexonn.ro\/fr\/#organization"},"potentialAction":[{"@type":"SearchAction","target":{"@type":"EntryPoint","urlTemplate":"https:\/\/www.lexonn.ro\/fr\/?s={search_term_string}"},"query-input":{"@type":"PropertyValueSpecification","valueRequired":true,"valueName":"search_term_string"}}],"inLanguage":"fr-FR"},{"@type":"Organization","@id":"https:\/\/www.lexonn.ro\/fr\/#organization","name":"Lexonn SRL","url":"https:\/\/www.lexonn.ro\/fr\/","logo":{"@type":"ImageObject","inLanguage":"fr-FR","@id":"https:\/\/www.lexonn.ro\/fr\/#\/schema\/logo\/image\/","url":"https:\/\/www.lexonn.ro\/wp-content\/uploads\/logo-Lexonn-capture.jpg","contentUrl":"https:\/\/www.lexonn.ro\/wp-content\/uploads\/logo-Lexonn-capture.jpg","width":1360,"height":609,"caption":"Lexonn SRL"},"image":{"@id":"https:\/\/www.lexonn.ro\/fr\/#\/schema\/logo\/image\/"},"sameAs":["https:\/\/www.facebook.com\/LexonnPromotionalLab\/yoast","https:\/\/www.linkedin.com\/company\/lexonn\/yoast","https:\/\/www.instagram.com\/lexonnpromotionallab\/yoast"]}]}},"_links":{"self":[{"href":"https:\/\/www.lexonn.ro\/fr\/wp-json\/wp\/v2\/pages\/11602","targetHints":{"allow":["GET"]}}],"collection":[{"href":"https:\/\/www.lexonn.ro\/fr\/wp-json\/wp\/v2\/pages"}],"about":[{"href":"https:\/\/www.lexonn.ro\/fr\/wp-json\/wp\/v2\/types\/page"}],"author":[{"embeddable":true,"href":"https:\/\/www.lexonn.ro\/fr\/wp-json\/wp\/v2\/users\/6"}],"replies":[{"embeddable":true,"href":"https:\/\/www.lexonn.ro\/fr\/wp-json\/wp\/v2\/comments?post=11602"}],"version-history":[{"count":15,"href":"https:\/\/www.lexonn.ro\/fr\/wp-json\/wp\/v2\/pages\/11602\/revisions"}],"predecessor-version":[{"id":16474,"href":"https:\/\/www.lexonn.ro\/fr\/wp-json\/wp\/v2\/pages\/11602\/revisions\/16474"}],"wp:attachment":[{"href":"https:\/\/www.lexonn.ro\/fr\/wp-json\/wp\/v2\/media?parent=11602"}],"curies":[{"name":"wp","href":"https:\/\/api.w.org\/{rel}","templated":true}]}}